{"id":28,"date":"2024-01-01T10:10:04","date_gmt":"2024-01-01T10:10:04","guid":{"rendered":"https:\/\/themes.templatescoder.com\/sastra-addon\/demo-3\/?page_id=28"},"modified":"2025-10-19T01:00:57","modified_gmt":"2025-10-19T06:00:57","slug":"services","status":"publish","type":"page","link":"https:\/\/newhope.com.ec\/index.php\/services\/","title":{"rendered":"Servicios"},"content":{"rendered":"\t\t<div data-elementor-type=\"wp-page\" data-elementor-id=\"28\" class=\"elementor elementor-28\">\n\t\t\t\t<div class=\"tmpcoder-parallax-multi-layer\" scalar-speed=\"5\" direction=\"no\" style=\"overflow: hidden;\"><div data-depth=\"0.4\" style-top=\"12%\" style-left=\"7%\" class=\"tmpcoder-parallax-ml-children elementor-repeater-item-8bbdfb5\"><img decoding=\"async\" src=\"https:\/\/newhope.com.ec\/wp-content\/uploads\/2024\/01\/p2.png\"><\/div><div data-depth=\"0.4\" style-top=\"66%\" style-left=\"92%\" class=\"tmpcoder-parallax-ml-children elementor-repeater-item-c99f4b0\"><img decoding=\"async\" src=\"https:\/\/newhope.com.ec\/wp-content\/uploads\/2024\/01\/p1.png\"><\/div><\/div>\t\t<section class=\"elementor-section elementor-top-section elementor-element elementor-element-a799cce tmpcoder-parallax-yes elementor-section-boxed elementor-section-height-default elementor-section-height-default tmpcoder-particle-no tmpcoder-sticky-section-no\" data-id=\"a799cce\" data-element_type=\"section\" data-settings=\"{&quot;background_background&quot;:&quot;classic&quot;}\">\n\t\t\t\t\t\t<div class=\"elementor-container elementor-column-gap-default\">\n\t\t\t\t\t<div class=\"elementor-column elementor-col-100 elementor-top-column elementor-element elementor-element-f7ad58e elementor-invisible\" data-id=\"f7ad58e\" data-element_type=\"column\" data-settings=\"{&quot;animation&quot;:&quot;fadeInUp&quot;}\">\n\t\t\t<div class=\"elementor-widget-wrap elementor-element-populated\">\n\t\t\t\t\t\t<div class=\"elementor-element elementor-element-8102dfa elementor-widget-tablet__width-inherit elementor-widget elementor-widget-tmpcoder_breadcrumb\" data-id=\"8102dfa\" data-element_type=\"widget\" data-widget_type=\"tmpcoder_breadcrumb.default\">\n\t\t\t\t<div class=\"elementor-widget-container\">\n\t\t\t\n        <div class=\"row\">\n            <div class=\"col-md-12\">\n                <div class=\"page-banner\">\n                    <h1 class=\"sub-banner-title yes\">Servicios<\/h1>                <\/div>\n            <\/div>\n        <\/div>\n\n        \t\t<\/div>\n\t\t\t\t<\/div>\n\t\t\t\t\t<\/div>\n\t\t<\/div>\n\t\t\t\t\t<\/div>\n\t\t<\/section>\n\t\t\t\t<section class=\"elementor-section elementor-top-section elementor-element elementor-element-dffbc0f elementor-section-content-middle elementor-section-boxed elementor-section-height-default elementor-section-height-default tmpcoder-sticky-section-no\" data-id=\"dffbc0f\" data-element_type=\"section\" data-settings=\"{&quot;background_background&quot;:&quot;classic&quot;}\">\n\t\t\t\t\t\t<div class=\"elementor-container elementor-column-gap-default\">\n\t\t\t\t\t<div class=\"elementor-column elementor-col-100 elementor-top-column elementor-element elementor-element-3838803 elementor-invisible\" data-id=\"3838803\" data-element_type=\"column\" data-settings=\"{&quot;animation&quot;:&quot;fadeInUp&quot;}\">\n\t\t\t<div class=\"elementor-widget-wrap elementor-element-populated\">\n\t\t\t\t\t\t<div class=\"elementor-element elementor-element-f48ac42 elementor-widget elementor-widget-heading\" data-id=\"f48ac42\" data-element_type=\"widget\" data-widget_type=\"heading.default\">\n\t\t\t\t<div class=\"elementor-widget-container\">\n\t\t\t<h6 class=\"elementor-heading-title elementor-size-default\">Servicios y Ministerios<\/h6>\t\t<\/div>\n\t\t\t\t<\/div>\n\t\t\t\t<div class=\"elementor-element elementor-element-461c211 elementor-widget elementor-widget-heading\" data-id=\"461c211\" data-element_type=\"widget\" data-widget_type=\"heading.default\">\n\t\t\t\t<div class=\"elementor-widget-container\">\n\t\t\t<h2 class=\"elementor-heading-title elementor-size-default\"> <span style=\"color: #F0A6F1;\">Servicios <\/span> y ministerios<\/h2>\t\t<\/div>\n\t\t\t\t<\/div>\n\t\t\t\t<section class=\"elementor-section elementor-inner-section elementor-element elementor-element-e901f99 elementor-section-boxed elementor-section-height-default elementor-section-height-default tmpcoder-jarallax-no tmpcoder-parallax-no tmpcoder-particle-no tmpcoder-sticky-section-no\" data-id=\"e901f99\" data-element_type=\"section\">\n\t\t\t\t\t\t<div class=\"elementor-container elementor-column-gap-default\">\n\t\t\t\t\t<div class=\"elementor-column elementor-col-50 elementor-inner-column elementor-element elementor-element-b963fd1\" data-id=\"b963fd1\" data-element_type=\"column\">\n\t\t\t<div class=\"elementor-widget-wrap elementor-element-populated\">\n\t\t\t\t\t\t<div class=\"elementor-element elementor-element-48c43fc tmpcoder-flip-box-front-align-left tmpcoder-flip-box-back-align-left tmpcoder-flip-box-animation-flip tmpcoder-flip-box-animation-3d-yes tmpcoder-flip-box-anim-direction-right elementor-widget elementor-widget-tmpcoder-flip-box\" data-id=\"48c43fc\" data-element_type=\"widget\" data-widget_type=\"tmpcoder-flip-box.default\">\n\t\t\t\t<div class=\"elementor-widget-container\">\n\t\t\t\t\t\t\n\t\t<div class=\"tmpcoder-flip-box\" data-trigger=\"hover\">\n\t\t\t\n\t\t\t<div class=\"tmpcoder-flip-box-item tmpcoder-flip-box-front tmpcoder-anim-timing-ease-default\">\n\n\t\t\t\t<div class=\"tmpcoder-flip-box-overlay\"><\/div>\n\n\t\t\t\t<div class=\"tmpcoder-flip-box-content\">\n\t\t\t\t\t\n\t\t\t\t\t\n\t\t\t\t\t\t\t\t\t\t<div class=\"tmpcoder-flip-box-icon\">\n\t\t\t\t\t\n\t\t\t\t\t\n\t\t\t\t\t\t<i class=\"fas fa-check\"><\/i>\n\n\t\t\t\t\t\n\t\t\t\t\t<\/div>\n\t\t\t\t\t\t\t\t\t\t\n\t\t\t\t\t\t\t\t\t\t\t<h3 class=\"tmpcoder-flip-box-title\">Exploradores del Rey<\/h3>\n\t\t\t\t\t\n\t\t\t\t\t\t\t\t\t\t\t<div class=\"tmpcoder-flip-box-description\"><p>Formamos a ni\u00f1os y adolescentes en valores cristianos, fe y servicio.<br data-start=\"780\" data-end=\"783\" \/>A trav\u00e9s de juegos, din\u00e1micas y ense\u00f1anza b\u00edblica, los ayudamos a crecer con prop\u00f3sito y convicci\u00f3n.<\/p><\/div>\t\t\t\t\t\t\n\t\t\t\t\t\t\n\n\t\t\t\t\t\t\n\n\t\t\t\t<\/div>\n\t\t\t<\/div>\n\n\t\t\t<div class=\"tmpcoder-flip-box-item tmpcoder-flip-box-back tmpcoder-anim-timing-ease-default\">\n\n\t\t\t\t<div class=\"tmpcoder-flip-box-overlay\"><\/div>\n\t\t\t\t\n\t\t\t\t<div class=\"tmpcoder-flip-box-content\">\n\t\t\t\t\t\n\t\t\t\t\t\t\t\t\t\t<a class=\"tmpcoder-flip-box-link\" href=\"#\"><\/a>\t\t\t\t\t\n\t\t\t\t\t\n\t\t\t\t\t\t\t\t\t\t\n\t\t\t\t\t\n\t\t\t\t\t\t\t\t\t\t\t<div class=\"tmpcoder-flip-box-description\"><p>Formamos a ni\u00f1os y adolescentes en valores cristianos, fe y servicio.<br data-start=\"780\" data-end=\"783\" \/>A trav\u00e9s de juegos, din\u00e1micas y ense\u00f1anza b\u00edblica, los ayudamos a crecer con prop\u00f3sito y convicci\u00f3n.<\/p><\/div>\t\t\t\t\t\t\n\t\t\t\t\t\t\n\n\t\t\t\t\t\t\n\n\t\t\t\t<\/div>\n\t\t\t<\/div>\n\t\t<\/div>\n\n\t\t\t\t<\/div>\n\t\t\t\t<\/div>\n\t\t\t\t\t<\/div>\n\t\t<\/div>\n\t\t\t\t<div class=\"elementor-column elementor-col-50 elementor-inner-column elementor-element elementor-element-f5e1fa2\" data-id=\"f5e1fa2\" data-element_type=\"column\">\n\t\t\t<div class=\"elementor-widget-wrap elementor-element-populated\">\n\t\t\t\t\t\t<div class=\"elementor-element elementor-element-16a3bbd tmpcoder-flip-box-front-align-left tmpcoder-flip-box-back-align-left tmpcoder-flip-box-animation-flip tmpcoder-flip-box-animation-3d-yes tmpcoder-flip-box-anim-direction-right elementor-widget elementor-widget-tmpcoder-flip-box\" data-id=\"16a3bbd\" data-element_type=\"widget\" data-widget_type=\"tmpcoder-flip-box.default\">\n\t\t\t\t<div class=\"elementor-widget-container\">\n\t\t\t\t\t\t\n\t\t<div class=\"tmpcoder-flip-box\" data-trigger=\"hover\">\n\t\t\t\n\t\t\t<div class=\"tmpcoder-flip-box-item tmpcoder-flip-box-front tmpcoder-anim-timing-ease-default\">\n\n\t\t\t\t<div class=\"tmpcoder-flip-box-overlay\"><\/div>\n\n\t\t\t\t<div class=\"tmpcoder-flip-box-content\">\n\t\t\t\t\t\n\t\t\t\t\t\n\t\t\t\t\t\t\t\t\t\t<div class=\"tmpcoder-flip-box-icon\">\n\t\t\t\t\t\n\t\t\t\t\t\n\t\t\t\t\t\t<i class=\"fas fa-check\"><\/i>\n\n\t\t\t\t\t\n\t\t\t\t\t<\/div>\n\t\t\t\t\t\t\t\t\t\t\n\t\t\t\t\t\t\t\t\t\t\t<h3 class=\"tmpcoder-flip-box-title\">Mujeres New Hope<\/h3>\n\t\t\t\t\t\n\t\t\t\t\t\t\t\t\t\t\t<div class=\"tmpcoder-flip-box-description\"><p>Un espacio donde las mujeres encuentran apoyo, oraci\u00f3n y comunidad.<br data-start=\"1000\" data-end=\"1003\" \/>Compartimos experiencias, sanamos el coraz\u00f3n y aprendemos a reflejar la gracia y el amor de Cristo en cada \u00e1rea de nuestras vidas.<\/p><\/div>\t\t\t\t\t\t\n\t\t\t\t\t\t\n\n\t\t\t\t\t\t\n\n\t\t\t\t<\/div>\n\t\t\t<\/div>\n\n\t\t\t<div class=\"tmpcoder-flip-box-item tmpcoder-flip-box-back tmpcoder-anim-timing-ease-default\">\n\n\t\t\t\t<div class=\"tmpcoder-flip-box-overlay\"><\/div>\n\t\t\t\t\n\t\t\t\t<div class=\"tmpcoder-flip-box-content\">\n\t\t\t\t\t\n\t\t\t\t\t\t\t\t\t\t<a class=\"tmpcoder-flip-box-link\" href=\"#\"><\/a>\t\t\t\t\t\n\t\t\t\t\t\n\t\t\t\t\t\t\t\t\t\t\n\t\t\t\t\t\n\t\t\t\t\t\t\t\t\t\t\t<div class=\"tmpcoder-flip-box-description\"><p>Un espacio donde las mujeres encuentran apoyo, oraci\u00f3n y comunidad.<br data-start=\"1000\" data-end=\"1003\" \/>Compartimos experiencias, sanamos el coraz\u00f3n y aprendemos a reflejar la gracia y el amor de Cristo en cada \u00e1rea de nuestras vidas.<\/p><\/div>\t\t\t\t\t\t\n\t\t\t\t\t\t\n\n\t\t\t\t\t\t\n\n\t\t\t\t<\/div>\n\t\t\t<\/div>\n\t\t<\/div>\n\n\t\t\t\t<\/div>\n\t\t\t\t<\/div>\n\t\t\t\t\t<\/div>\n\t\t<\/div>\n\t\t\t\t\t<\/div>\n\t\t<\/section>\n\t\t\t\t<section class=\"elementor-section elementor-inner-section elementor-element elementor-element-3dec00c elementor-section-boxed elementor-section-height-default elementor-section-height-default tmpcoder-jarallax-no tmpcoder-parallax-no tmpcoder-particle-no tmpcoder-sticky-section-no\" data-id=\"3dec00c\" data-element_type=\"section\">\n\t\t\t\t\t\t<div class=\"elementor-container elementor-column-gap-default\">\n\t\t\t\t\t<div class=\"elementor-column elementor-col-50 elementor-inner-column elementor-element elementor-element-abbc355\" data-id=\"abbc355\" data-element_type=\"column\">\n\t\t\t<div class=\"elementor-widget-wrap elementor-element-populated\">\n\t\t\t\t\t\t<div class=\"elementor-element elementor-element-2e9bdb7 tmpcoder-flip-box-front-align-left tmpcoder-flip-box-back-align-left tmpcoder-flip-box-animation-flip tmpcoder-flip-box-animation-3d-yes tmpcoder-flip-box-anim-direction-right elementor-widget elementor-widget-tmpcoder-flip-box\" data-id=\"2e9bdb7\" data-element_type=\"widget\" data-widget_type=\"tmpcoder-flip-box.default\">\n\t\t\t\t<div class=\"elementor-widget-container\">\n\t\t\t\t\t\t\n\t\t<div class=\"tmpcoder-flip-box\" data-trigger=\"hover\">\n\t\t\t\n\t\t\t<div class=\"tmpcoder-flip-box-item tmpcoder-flip-box-front tmpcoder-anim-timing-ease-default\">\n\n\t\t\t\t<div class=\"tmpcoder-flip-box-overlay\"><\/div>\n\n\t\t\t\t<div class=\"tmpcoder-flip-box-content\">\n\t\t\t\t\t\n\t\t\t\t\t\n\t\t\t\t\t\t\t\t\t\t<div class=\"tmpcoder-flip-box-icon\">\n\t\t\t\t\t\n\t\t\t\t\t\n\t\t\t\t\t\t<i class=\"fas fa-check\"><\/i>\n\n\t\t\t\t\t\n\t\t\t\t\t<\/div>\n\t\t\t\t\t\t\t\t\t\t\n\t\t\t\t\t\t\t\t\t\t\t<h3 class=\"tmpcoder-flip-box-title\">Varones<\/h3>\n\t\t\t\t\t\n\t\t\t\t\t\t\t\t\t\t\t<div class=\"tmpcoder-flip-box-description\"><p>Impulsamos a los hombres a liderar con integridad, sabidur\u00eda y amor.<br data-start=\"1242\" data-end=\"1245\" \/>Creemos que un hogar fuerte comienza con un hombre guiado por Dios.<\/p><\/div>\t\t\t\t\t\t\n\t\t\t\t\t\t\n\n\t\t\t\t\t\t\n\n\t\t\t\t<\/div>\n\t\t\t<\/div>\n\n\t\t\t<div class=\"tmpcoder-flip-box-item tmpcoder-flip-box-back tmpcoder-anim-timing-ease-default\">\n\n\t\t\t\t<div class=\"tmpcoder-flip-box-overlay\"><\/div>\n\t\t\t\t\n\t\t\t\t<div class=\"tmpcoder-flip-box-content\">\n\t\t\t\t\t\n\t\t\t\t\t\t\t\t\t\t<a class=\"tmpcoder-flip-box-link\" href=\"#\"><\/a>\t\t\t\t\t\n\t\t\t\t\t\n\t\t\t\t\t\t\t\t\t\t\n\t\t\t\t\t\n\t\t\t\t\t\t\t\t\t\t\t<div class=\"tmpcoder-flip-box-description\"><p>Impulsamos a los hombres a liderar con integridad, sabidur\u00eda y amor.<br data-start=\"1242\" data-end=\"1245\" \/>Creemos que un hogar fuerte comienza con un hombre guiado por Dios.<\/p><\/div>\t\t\t\t\t\t\n\t\t\t\t\t\t\n\n\t\t\t\t\t\t\n\n\t\t\t\t<\/div>\n\t\t\t<\/div>\n\t\t<\/div>\n\n\t\t\t\t<\/div>\n\t\t\t\t<\/div>\n\t\t\t\t\t<\/div>\n\t\t<\/div>\n\t\t\t\t<div class=\"elementor-column elementor-col-50 elementor-inner-column elementor-element elementor-element-715d77e\" data-id=\"715d77e\" data-element_type=\"column\">\n\t\t\t<div class=\"elementor-widget-wrap elementor-element-populated\">\n\t\t\t\t\t\t<div class=\"elementor-element elementor-element-0188cab tmpcoder-flip-box-front-align-left tmpcoder-flip-box-back-align-left tmpcoder-flip-box-animation-flip tmpcoder-flip-box-animation-3d-yes tmpcoder-flip-box-anim-direction-right elementor-widget elementor-widget-tmpcoder-flip-box\" data-id=\"0188cab\" data-element_type=\"widget\" data-widget_type=\"tmpcoder-flip-box.default\">\n\t\t\t\t<div class=\"elementor-widget-container\">\n\t\t\t\t\t\t\n\t\t<div class=\"tmpcoder-flip-box\" data-trigger=\"hover\">\n\t\t\t\n\t\t\t<div class=\"tmpcoder-flip-box-item tmpcoder-flip-box-front tmpcoder-anim-timing-ease-default\">\n\n\t\t\t\t<div class=\"tmpcoder-flip-box-overlay\"><\/div>\n\n\t\t\t\t<div class=\"tmpcoder-flip-box-content\">\n\t\t\t\t\t\n\t\t\t\t\t\n\t\t\t\t\t\t\t\t\t\t<div class=\"tmpcoder-flip-box-icon\">\n\t\t\t\t\t\n\t\t\t\t\t\n\t\t\t\t\t\t<i class=\"fas fa-check\"><\/i>\n\n\t\t\t\t\t\n\t\t\t\t\t<\/div>\n\t\t\t\t\t\t\t\t\t\t\n\t\t\t\t\t\t\t\t\t\t\t<h3 class=\"tmpcoder-flip-box-title\">Alabanza<\/h3>\n\t\t\t\t\t\n\t\t\t\t\t\t\t\t\t\t\t<div class=\"tmpcoder-flip-box-description\"><p>Adoramos a Dios con creatividad: m\u00fasica, teatro, danza y pintura.<br data-start=\"1427\" data-end=\"1430\" \/>Cada expresi\u00f3n art\u00edstica es una forma de exaltar Su nombre y conectar a otros con Su presencia.<\/p><\/div>\t\t\t\t\t\t\n\t\t\t\t\t\t\n\n\t\t\t\t\t\t\n\n\t\t\t\t<\/div>\n\t\t\t<\/div>\n\n\t\t\t<div class=\"tmpcoder-flip-box-item tmpcoder-flip-box-back tmpcoder-anim-timing-ease-default\">\n\n\t\t\t\t<div class=\"tmpcoder-flip-box-overlay\"><\/div>\n\t\t\t\t\n\t\t\t\t<div class=\"tmpcoder-flip-box-content\">\n\t\t\t\t\t\n\t\t\t\t\t\t\t\t\t\t<a class=\"tmpcoder-flip-box-link\" href=\"#\"><\/a>\t\t\t\t\t\n\t\t\t\t\t\n\t\t\t\t\t\t\t\t\t\t\n\t\t\t\t\t\n\t\t\t\t\t\t\t\t\t\t\t<div class=\"tmpcoder-flip-box-description\"><p>Adoramos a Dios con creatividad: m\u00fasica, teatro, danza y pintura.<br data-start=\"1427\" data-end=\"1430\" \/>Cada expresi\u00f3n art\u00edstica es una forma de exaltar Su nombre y conectar a otros con Su presencia.<\/p><\/div>\t\t\t\t\t\t\n\t\t\t\t\t\t\n\n\t\t\t\t\t\t\n\n\t\t\t\t<\/div>\n\t\t\t<\/div>\n\t\t<\/div>\n\n\t\t\t\t<\/div>\n\t\t\t\t<\/div>\n\t\t\t\t\t<\/div>\n\t\t<\/div>\n\t\t\t\t\t<\/div>\n\t\t<\/section>\n\t\t\t\t<section class=\"elementor-section elementor-inner-section elementor-element elementor-element-fe618a9 elementor-section-boxed elementor-section-height-default elementor-section-height-default tmpcoder-jarallax-no tmpcoder-parallax-no tmpcoder-particle-no tmpcoder-sticky-section-no\" data-id=\"fe618a9\" data-element_type=\"section\">\n\t\t\t\t\t\t<div class=\"elementor-container elementor-column-gap-default\">\n\t\t\t\t\t<div class=\"elementor-column elementor-col-50 elementor-inner-column elementor-element elementor-element-39aa2a2\" data-id=\"39aa2a2\" data-element_type=\"column\">\n\t\t\t<div class=\"elementor-widget-wrap\">\n\t\t\t\t\t\t\t<\/div>\n\t\t<\/div>\n\t\t\t\t<div class=\"elementor-column elementor-col-50 elementor-inner-column elementor-element elementor-element-6959e63\" data-id=\"6959e63\" data-element_type=\"column\">\n\t\t\t<div class=\"elementor-widget-wrap elementor-element-populated\">\n\t\t\t\t\t\t<div class=\"elementor-element elementor-element-3ab5bc3 tmpcoder-flip-box-front-align-left tmpcoder-flip-box-back-align-left tmpcoder-flip-box-animation-flip tmpcoder-flip-box-animation-3d-yes tmpcoder-flip-box-anim-direction-right elementor-widget elementor-widget-tmpcoder-flip-box\" data-id=\"3ab5bc3\" data-element_type=\"widget\" data-widget_type=\"tmpcoder-flip-box.default\">\n\t\t\t\t<div class=\"elementor-widget-container\">\n\t\t\t\t\t\t\n\t\t<div class=\"tmpcoder-flip-box\" data-trigger=\"hover\">\n\t\t\t\n\t\t\t<div class=\"tmpcoder-flip-box-item tmpcoder-flip-box-front tmpcoder-anim-timing-ease-default\">\n\n\t\t\t\t<div class=\"tmpcoder-flip-box-overlay\"><\/div>\n\n\t\t\t\t<div class=\"tmpcoder-flip-box-content\">\n\t\t\t\t\t\n\t\t\t\t\t\n\t\t\t\t\t\t\t\t\t\t<div class=\"tmpcoder-flip-box-icon\">\n\t\t\t\t\t\n\t\t\t\t\t\n\t\t\t\t\t\t<i class=\"fas fa-check\"><\/i>\n\n\t\t\t\t\t\n\t\t\t\t\t<\/div>\n\t\t\t\t\t\t\t\t\t\t\n\t\t\t\t\t\t\t\t\t\t\t<h3 class=\"tmpcoder-flip-box-title\">Grupos Crecer<\/h3>\n\t\t\t\t\t\n\t\t\t\t\t\t\t\t\t\t\t<div class=\"tmpcoder-flip-box-description\"><p>Grupos peque\u00f1os donde nos reunimos para orar, estudiar la Biblia y crecer en comunidad.<br data-start=\"1863\" data-end=\"1866\" \/>Son el coraz\u00f3n de nuestra iglesia: lugares donde se construyen relaciones reales y duraderas.<\/p><\/div>\t\t\t\t\t\t\n\t\t\t\t\t\t\n\n\t\t\t\t\t\t\n\n\t\t\t\t<\/div>\n\t\t\t<\/div>\n\n\t\t\t<div class=\"tmpcoder-flip-box-item tmpcoder-flip-box-back tmpcoder-anim-timing-ease-default\">\n\n\t\t\t\t<div class=\"tmpcoder-flip-box-overlay\"><\/div>\n\t\t\t\t\n\t\t\t\t<div class=\"tmpcoder-flip-box-content\">\n\t\t\t\t\t\n\t\t\t\t\t\t\t\t\t\t<a class=\"tmpcoder-flip-box-link\" href=\"#\"><\/a>\t\t\t\t\t\n\t\t\t\t\t\n\t\t\t\t\t\t\t\t\t\t\n\t\t\t\t\t\n\t\t\t\t\t\t\t\t\t\t\t<div class=\"tmpcoder-flip-box-description\"><p>Grupos peque\u00f1os donde nos reunimos para orar, estudiar la Biblia y crecer en comunidad.<br data-start=\"1863\" data-end=\"1866\" \/>Son el coraz\u00f3n de nuestra iglesia: lugares donde se construyen relaciones reales y duraderas.<\/p><\/div>\t\t\t\t\t\t\n\t\t\t\t\t\t\n\n\t\t\t\t\t\t\n\n\t\t\t\t<\/div>\n\t\t\t<\/div>\n\t\t<\/div>\n\n\t\t\t\t<\/div>\n\t\t\t\t<\/div>\n\t\t\t\t<div class=\"elementor-element elementor-element-48f6f91 tmpcoder-flip-box-front-align-left tmpcoder-flip-box-back-align-left tmpcoder-flip-box-animation-flip tmpcoder-flip-box-animation-3d-yes tmpcoder-flip-box-anim-direction-right elementor-widget elementor-widget-tmpcoder-flip-box\" data-id=\"48f6f91\" data-element_type=\"widget\" data-widget_type=\"tmpcoder-flip-box.default\">\n\t\t\t\t<div class=\"elementor-widget-container\">\n\t\t\t\t\t\t\n\t\t<div class=\"tmpcoder-flip-box\" data-trigger=\"hover\">\n\t\t\t\n\t\t\t<div class=\"tmpcoder-flip-box-item tmpcoder-flip-box-front tmpcoder-anim-timing-ease-default\">\n\n\t\t\t\t<div class=\"tmpcoder-flip-box-overlay\"><\/div>\n\n\t\t\t\t<div class=\"tmpcoder-flip-box-content\">\n\t\t\t\t\t\n\t\t\t\t\t\n\t\t\t\t\t\t\t\t\t\t<div class=\"tmpcoder-flip-box-icon\">\n\t\t\t\t\t\n\t\t\t\t\t\n\t\t\t\t\t\t<i class=\"fas fa-check\"><\/i>\n\n\t\t\t\t\t\n\t\t\t\t\t<\/div>\n\t\t\t\t\t\t\t\t\t\t\n\t\t\t\t\t\t\t\t\t\t\t<h3 class=\"tmpcoder-flip-box-title\">Parejas y Familias<\/h3>\n\t\t\t\t\t\n\t\t\t\t\t\t\t\t\t\t\t<div class=\"tmpcoder-flip-box-description\"><p>Ayudamos a fortalecer matrimonios y familias bajo principios b\u00edblicos.<br data-start=\"1647\" data-end=\"1650\" \/>Promovemos relaciones sanas, comunicaci\u00f3n y crecimiento espiritual en conjunto.<\/p><\/div>\t\t\t\t\t\t\n\t\t\t\t\t\t\n\n\t\t\t\t\t\t\n\n\t\t\t\t<\/div>\n\t\t\t<\/div>\n\n\t\t\t<div class=\"tmpcoder-flip-box-item tmpcoder-flip-box-back tmpcoder-anim-timing-ease-default\">\n\n\t\t\t\t<div class=\"tmpcoder-flip-box-overlay\"><\/div>\n\t\t\t\t\n\t\t\t\t<div class=\"tmpcoder-flip-box-content\">\n\t\t\t\t\t\n\t\t\t\t\t\t\t\t\t\t<a class=\"tmpcoder-flip-box-link\" href=\"#\"><\/a>\t\t\t\t\t\n\t\t\t\t\t\n\t\t\t\t\t\t\t\t\t\t\n\t\t\t\t\t\n\t\t\t\t\t\t\t\t\t\t\t<div class=\"tmpcoder-flip-box-description\"><p>Ayudamos a fortalecer matrimonios y familias bajo principios b\u00edblicos.<br data-start=\"1647\" data-end=\"1650\" \/>Promovemos relaciones sanas, comunicaci\u00f3n y crecimiento espiritual en conjunto.<\/p><\/div>\t\t\t\t\t\t\n\t\t\t\t\t\t\n\n\t\t\t\t\t\t\n\n\t\t\t\t<\/div>\n\t\t\t<\/div>\n\t\t<\/div>\n\n\t\t\t\t<\/div>\n\t\t\t\t<\/div>\n\t\t\t\t\t<\/div>\n\t\t<\/div>\n\t\t\t\t\t<\/div>\n\t\t<\/section>\n\t\t\t\t\t<\/div>\n\t\t<\/div>\n\t\t\t\t\t<\/div>\n\t\t<\/section>\n\t\t\t\t<section class=\"elementor-section elementor-top-section elementor-element elementor-element-e2f7ef8 elementor-section-content-middle elementor-section-boxed elementor-section-height-default elementor-section-height-default tmpcoder-sticky-section-no\" data-id=\"e2f7ef8\" data-element_type=\"section\" data-settings=\"{&quot;background_background&quot;:&quot;classic&quot;}\">\n\t\t\t\t\t\t<div class=\"elementor-container elementor-column-gap-default\">\n\t\t\t\t\t<div class=\"elementor-column elementor-col-100 elementor-top-column elementor-element elementor-element-ac16220 elementor-invisible\" data-id=\"ac16220\" data-element_type=\"column\" data-settings=\"{&quot;animation&quot;:&quot;fadeInUp&quot;}\">\n\t\t\t<div class=\"elementor-widget-wrap elementor-element-populated\">\n\t\t\t\t\t\t<div class=\"elementor-element elementor-element-2fedc69 elementor-widget elementor-widget-heading\" data-id=\"2fedc69\" data-element_type=\"widget\" data-widget_type=\"heading.default\">\n\t\t\t\t<div class=\"elementor-widget-container\">\n\t\t\t<h6 class=\"elementor-heading-title elementor-size-default\">Quienes nos apoyan<\/h6>\t\t<\/div>\n\t\t\t\t<\/div>\n\t\t\t\t<div class=\"elementor-element elementor-element-eb27cc1 elementor-widget elementor-widget-heading\" data-id=\"eb27cc1\" data-element_type=\"widget\" data-widget_type=\"heading.default\">\n\t\t\t\t<div class=\"elementor-widget-container\">\n\t\t\t<h2 class=\"elementor-heading-title elementor-size-default\">Nuestros <span style=\"color: #F0A6F1;\">Aliados<\/span> y hermanos<\/h2>\t\t<\/div>\n\t\t\t\t<\/div>\n\t\t\t\t<div class=\"elementor-element elementor-element-034d9bb elementor-invisible elementor-widget elementor-widget-image-carousel\" data-id=\"034d9bb\" data-element_type=\"widget\" data-settings=\"{&quot;slides_to_show&quot;:&quot;6&quot;,&quot;slides_to_show_tablet&quot;:&quot;4&quot;,&quot;slides_to_show_mobile&quot;:&quot;2&quot;,&quot;slides_to_scroll&quot;:&quot;1&quot;,&quot;slides_to_scroll_tablet&quot;:&quot;1&quot;,&quot;navigation&quot;:&quot;none&quot;,&quot;_animation&quot;:&quot;fadeInUp&quot;,&quot;autoplay&quot;:&quot;yes&quot;,&quot;pause_on_hover&quot;:&quot;yes&quot;,&quot;pause_on_interaction&quot;:&quot;yes&quot;,&quot;autoplay_speed&quot;:5000,&quot;infinite&quot;:&quot;yes&quot;,&quot;speed&quot;:500}\" data-widget_type=\"image-carousel.default\">\n\t\t\t\t<div class=\"elementor-widget-container\">\n\t\t\t\t\t<div class=\"elementor-image-carousel-wrapper swiper\" dir=\"ltr\">\n\t\t\t<div class=\"elementor-image-carousel swiper-wrapper\" aria-live=\"off\">\n\t\t\t\t\t\t\t\t<div class=\"swiper-slide\" role=\"group\" aria-roledescription=\"slide\" aria-label=\"1 de 6\"><figure class=\"swiper-slide-inner\"><img decoding=\"async\" class=\"swiper-slide-image\" src=\"https:\/\/newhope.com.ec\/wp-content\/uploads\/2024\/01\/logo6.png\" alt=\"logo6.png\" \/><\/figure><\/div><div class=\"swiper-slide\" role=\"group\" aria-roledescription=\"slide\" aria-label=\"2 de 6\"><figure class=\"swiper-slide-inner\"><img decoding=\"async\" class=\"swiper-slide-image\" src=\"https:\/\/newhope.com.ec\/wp-content\/uploads\/2024\/01\/logo1.png\" alt=\"logo1.png\" \/><\/figure><\/div><div class=\"swiper-slide\" role=\"group\" aria-roledescription=\"slide\" aria-label=\"3 de 6\"><figure class=\"swiper-slide-inner\"><img decoding=\"async\" class=\"swiper-slide-image\" src=\"https:\/\/newhope.com.ec\/wp-content\/uploads\/2024\/01\/logo2.png\" alt=\"logo2.png\" \/><\/figure><\/div><div class=\"swiper-slide\" role=\"group\" aria-roledescription=\"slide\" aria-label=\"4 de 6\"><figure class=\"swiper-slide-inner\"><img decoding=\"async\" class=\"swiper-slide-image\" src=\"https:\/\/newhope.com.ec\/wp-content\/uploads\/2024\/01\/logo3.png\" alt=\"logo3.png\" \/><\/figure><\/div><div class=\"swiper-slide\" role=\"group\" aria-roledescription=\"slide\" aria-label=\"5 de 6\"><figure class=\"swiper-slide-inner\"><img decoding=\"async\" class=\"swiper-slide-image\" src=\"https:\/\/newhope.com.ec\/wp-content\/uploads\/2024\/01\/logo5.png\" alt=\"logo5.png\" \/><\/figure><\/div><div class=\"swiper-slide\" role=\"group\" aria-roledescription=\"slide\" aria-label=\"6 de 6\"><figure class=\"swiper-slide-inner\"><img decoding=\"async\" class=\"swiper-slide-image\" src=\"https:\/\/newhope.com.ec\/wp-content\/uploads\/2024\/01\/logo4.png\" alt=\"logo4\" \/><\/figure><\/div>\t\t\t<\/div>\n\t\t\t\t\t\t\t\n\t\t\t\t\t\t\t\t\t<\/div>\n\t\t\t\t<\/div>\n\t\t\t\t<\/div>\n\t\t\t\t\t<\/div>\n\t\t<\/div>\n\t\t\t\t\t<\/div>\n\t\t<\/section>\n\t\t\t\t<\/div>\n\t\t","protected":false},"excerpt":{"rendered":"<p>Services Servicios y Ministerios Servicios y ministerios Exploradores del Rey Formamos a ni\u00f1os y adolescentes en valores cristianos, fe y servicio.A trav\u00e9s de juegos, din\u00e1micas y ense\u00f1anza b\u00edblica, los ayudamos a crecer con prop\u00f3sito y convicci\u00f3n. Formamos a ni\u00f1os y adolescentes en valores cristianos, fe y servicio.A trav\u00e9s de juegos, din\u00e1micas y ense\u00f1anza b\u00edblica, los [&hellip;]<\/p>\n","protected":false},"author":1,"featured_media":1321,"parent":0,"menu_order":0,"comment_status":"closed","ping_status":"closed","template":"elementor_header_footer","meta":{"footnotes":""},"class_list":["post-28","page","type-page","status-publish","has-post-thumbnail","hentry"],"_links":{"self":[{"href":"https:\/\/newhope.com.ec\/index.php\/wp-json\/wp\/v2\/pages\/28","targetHints":{"allow":["GET"]}}],"collection":[{"href":"https:\/\/newhope.com.ec\/index.php\/wp-json\/wp\/v2\/pages"}],"about":[{"href":"https:\/\/newhope.com.ec\/index.php\/wp-json\/wp\/v2\/types\/page"}],"author":[{"embeddable":true,"href":"https:\/\/newhope.com.ec\/index.php\/wp-json\/wp\/v2\/users\/1"}],"replies":[{"embeddable":true,"href":"https:\/\/newhope.com.ec\/index.php\/wp-json\/wp\/v2\/comments?post=28"}],"version-history":[{"count":19,"href":"https:\/\/newhope.com.ec\/index.php\/wp-json\/wp\/v2\/pages\/28\/revisions"}],"predecessor-version":[{"id":2332,"href":"https:\/\/newhope.com.ec\/index.php\/wp-json\/wp\/v2\/pages\/28\/revisions\/2332"}],"wp:featuredmedia":[{"embeddable":true,"href":"https:\/\/newhope.com.ec\/index.php\/wp-json\/wp\/v2\/media\/1321"}],"wp:attachment":[{"href":"https:\/\/newhope.com.ec\/index.php\/wp-json\/wp\/v2\/media?parent=28"}],"curies":[{"name":"wp","href":"https:\/\/api.w.org\/{rel}","templated":true}]}}